{"id":200,"date":"2016-03-28T00:57:44","date_gmt":"2016-03-28T00:57:44","guid":{"rendered":"https:\/\/www.reabilitar.org.br\/ceir\/?page_id=200"},"modified":"2017-10-26T11:55:04","modified_gmt":"2017-10-26T14:55:04","slug":"atendimentos-em-grupos-2","status":"publish","type":"page","link":"https:\/\/www.reabilitar.org.br\/ceir\/atendimentos-em-grupos-2\/","title":{"rendered":"Grupos"},"content":{"rendered":"<hr \/>\n<p style=\"text-align: center;\"><em>Al\u00e9m de atendimentos individuais, realizamos\u00a0grupos de atendimentos voltados para a necessidade e demanda de cada paciente.\u00a0<\/em><\/p>\n<hr \/>\n<p style=\"text-align: justify;\"><img loading=\"lazy\" class=\"aligncenter wp-image-389\" src=\"http:\/\/marcosiran.com.br\/ceir\/wp-content\/uploads\/2016\/03\/Jos\u00e9-Lucas-durante-reabilita\u00e7\u00e3o-intelectual-2-300x200.jpg\" alt=\"Jos\u00e9 Lucas durante reabilita\u00e7\u00e3o intelectual (2)\" width=\"600\" height=\"400\" srcset=\"https:\/\/www.reabilitar.org.br\/ceir\/wp-content\/uploads\/2016\/03\/Jos\u00e9-Lucas-durante-reabilita\u00e7\u00e3o-intelectual-2-300x200.jpg 300w, https:\/\/www.reabilitar.org.br\/ceir\/wp-content\/uploads\/2016\/03\/Jos\u00e9-Lucas-durante-reabilita\u00e7\u00e3o-intelectual-2-768x512.jpg 768w, https:\/\/www.reabilitar.org.br\/ceir\/wp-content\/uploads\/2016\/03\/Jos\u00e9-Lucas-durante-reabilita\u00e7\u00e3o-intelectual-2-1024x683.jpg 1024w\" sizes=\"(max-width: 600px) 100vw, 600px\" \/><\/p>\n<hr \/>\n<p style=\"text-align: justify;\"><span style=\"color: #008000;\"><strong>Grupo de orienta\u00e7\u00e3o<\/strong><\/span><\/p>\n<hr \/>\n<p style=\"text-align: justify;\">Pacientes que n\u00e3o t\u00eam perfil para reabilita\u00e7\u00e3o em nosso Centro, tamb\u00e9m recebem um olhar especial. Nesse grupo, esclarecemos aos familiares e cuidadores sobre o diagn\u00f3stico e progn\u00f3stico do paciente; orientamos sobre atividades em domic\u00edlio de posicionamento, alongamento, alimenta\u00e7\u00e3o, vestu\u00e1rio e banho; e indicamos exerc\u00edcios, equipamentos, adapta\u00e7\u00f5es e mobili\u00e1rios necess\u00e1rios para o dia a dia da pessoa com defici\u00eancia em casa. Tamb\u00e9m orientamos sobre a estimula\u00e7\u00e3o da linguagem oral, indicando formas alternativas de se comunicar.<\/p>\n<hr \/>\n<p style=\"text-align: justify;\"><span style=\"color: #008000;\"><strong>Grupo de linguagem<\/strong><\/span><\/p>\n<hr \/>\n<p style=\"text-align: justify;\">\u00c9 formado por crian\u00e7as de at\u00e9 quatro anos de idade, que apresentam atraso no desenvolvimento da linguagem oral e encontram-se a partir do n\u00edvel IV da escala Hanen. Nele s\u00e3o desenvolvidas atividades para estimular o uso da linguagem a n\u00edvel simb\u00f3lico, auxiliando no seu desenvolvimento por meio de um trabalho l\u00fadico.<\/p>\n<hr \/>\n<p style=\"text-align: justify;\"><span style=\"color: #008000;\"><strong>Grupo de beb\u00eas<\/strong><\/span><\/p>\n<hr \/>\n<p style=\"text-align: justify;\">Beb\u00eas de zero a tr\u00eas anos de idade, com leve atraso no desenvolvimento ou com altera\u00e7\u00f5es funcionais importantes, que n\u00e3o t\u00eam perfil para atendimentos individuais em nosso Centro, s\u00e3o integrados nesse grupo, para que possamos trabalhar as suas evolu\u00e7\u00f5es.<\/p>\n<hr \/>\n<p style=\"text-align: center;\"><span style=\"color: #0000ff;\"><b>Para mais informa\u00e7\u00f5es e esclarecimentos:<\/b><\/span><\/p>\n<p style=\"text-align: center;\"><span style=\"color: #0000ff;\"><b>(86) 3198-1500 ou <b>ceir@ceir.org.br<\/b><\/b><\/span><\/p>\n<hr \/>\n<p style=\"text-align: center;\">Estamos localizados na Avenida Higino Cunha, N\u00ba 1515, no Bairro Ilhotas, em Teresina \u2013 Piau\u00ed.<\/p>\n<hr \/>\n<h6><span style=\"color: #808080;\">\u00a0Texto: Cl\u00e1udia Alves\u00a0\u2013 Comunica\u00e7\u00e3o\u00a0Ceir<\/span><\/h6>\n","protected":false},"excerpt":{"rendered":"<p>Al\u00e9m de atendimentos individuais, realizamos\u00a0grupos de atendimentos voltados para a necessidade e demanda de cada paciente.\u00a0 Grupo de orienta\u00e7\u00e3o Pacientes que n\u00e3o t\u00eam perfil para reabilita\u00e7\u00e3o em nosso Centro, tamb\u00e9m recebem um olhar especial. Nesse grupo, esclarecemos aos familiares e cuidadores sobre o diagn\u00f3stico e progn\u00f3stico do paciente; orientamos sobre atividades em domic\u00edlio de posicionamento, [&hellip;]<\/p>\n","protected":false},"author":2,"featured_media":0,"parent":0,"menu_order":0,"comment_status":"closed","ping_status":"closed","template":"","meta":[],"acf":[],"_links":{"self":[{"href":"https:\/\/www.reabilitar.org.br\/ceir\/wp-json\/wp\/v2\/pages\/200"}],"collection":[{"href":"https:\/\/www.reabilitar.org.br\/ceir\/wp-json\/wp\/v2\/pages"}],"about":[{"href":"https:\/\/www.reabilitar.org.br\/ceir\/wp-json\/wp\/v2\/types\/page"}],"author":[{"embeddable":true,"href":"https:\/\/www.reabilitar.org.br\/ceir\/wp-json\/wp\/v2\/users\/2"}],"replies":[{"embeddable":true,"href":"https:\/\/www.reabilitar.org.br\/ceir\/wp-json\/wp\/v2\/comments?post=200"}],"version-history":[{"count":10,"href":"https:\/\/www.reabilitar.org.br\/ceir\/wp-json\/wp\/v2\/pages\/200\/revisions"}],"predecessor-version":[{"id":7421,"href":"https:\/\/www.reabilitar.org.br\/ceir\/wp-json\/wp\/v2\/pages\/200\/revisions\/7421"}],"wp:attachment":[{"href":"https:\/\/www.reabilitar.org.br\/ceir\/wp-json\/wp\/v2\/media?parent=200"}],"curies":[{"name":"wp","href":"https:\/\/api.w.org\/{rel}","templated":true}]}}